{"id":115,"date":"2025-02-28T19:31:56","date_gmt":"2025-02-28T18:31:56","guid":{"rendered":"http:\/\/segolenejuliepatel.com\/?page_id=115"},"modified":"2025-03-14T18:10:40","modified_gmt":"2025-03-14T17:10:40","slug":"contacts","status":"publish","type":"page","link":"https:\/\/segolenejuliepatel.com\/index.php\/contacts\/","title":{"rendered":"Contacts"},"content":{"rendered":"\n<div class=\"wp-block-cover alignfull is-light\" style=\"padding-top:2%;min-height:30rem;aspect-ratio:unset;\"><span aria-hidden=\"true\" class=\"wp-block-cover__background has-background-dim-0 has-background-dim\" style=\"background-color:#e4ddda\"><\/span><img loading=\"lazy\" decoding=\"async\" width=\"2560\" height=\"1708\" class=\"wp-block-cover__image-background wp-image-196\" alt=\"\" src=\"https:\/\/segolenejuliepatel.com\/wp-content\/uploads\/2025\/02\/pexels-mikael-blomkvist-6476771-1-scaled.jpg\" data-object-fit=\"cover\" srcset=\"https:\/\/segolenejuliepatel.com\/wp-content\/uploads\/2025\/02\/pexels-mikael-blomkvist-6476771-1-scaled.jpg 2560w, https:\/\/segolenejuliepatel.com\/wp-content\/uploads\/2025\/02\/pexels-mikael-blomkvist-6476771-1-300x200.jpg 300w, https:\/\/segolenejuliepatel.com\/wp-content\/uploads\/2025\/02\/pexels-mikael-blomkvist-6476771-1-1024x683.jpg 1024w, https:\/\/segolenejuliepatel.com\/wp-content\/uploads\/2025\/02\/pexels-mikael-blomkvist-6476771-1-768x512.jpg 768w, https:\/\/segolenejuliepatel.com\/wp-content\/uploads\/2025\/02\/pexels-mikael-blomkvist-6476771-1-1536x1025.jpg 1536w, https:\/\/segolenejuliepatel.com\/wp-content\/uploads\/2025\/02\/pexels-mikael-blomkvist-6476771-1-2048x1367.jpg 2048w\" sizes=\"auto, (max-width: 2560px) 100vw, 2560px\" \/><div class=\"wp-block-cover__inner-container has-global-padding is-layout-constrained wp-container-core-cover-is-layout-ee51f2d2 wp-block-cover-is-layout-constrained\">\n<div class=\"wp-block-group alignwide is-vertical is-content-justification-center is-layout-flex wp-container-core-group-is-layout-5e763914 wp-block-group-is-layout-flex\" style=\"min-height:8rem\">\n<div class=\"wp-block-group has-global-padding is-layout-constrained wp-container-core-group-is-layout-bea02a06 wp-block-group-is-layout-constrained\">\n<h2 class=\"wp-block-heading has-text-align-center has-text-color\" style=\"color:#07277c;margin-top:0rem;margin-bottom:1.01rem;font-size:clamp(2.071rem, 2.071rem + ((1vw - 0.2rem) * 2.98), 3.71rem);font-style:normal;font-weight:400;line-height:1;text-transform:capitalize\">      Contactez-moi<\/h2>\n<\/div>\n<\/div>\n<\/div><\/div>\n\n\n\n<section class=\"wp-block-group alignfull has-text-color has-global-padding is-layout-constrained wp-container-core-group-is-layout-4252d6ba wp-block-group-is-layout-constrained\" style=\"color:#03081e;margin-top:0px;padding-top:6.51rem;padding-right:1rem;padding-bottom:5.5rem;padding-left:1rem;font-size:clamp(0.875rem, 0.875rem + ((1vw - 0.2rem) * 0.464), 1.13rem);font-style:normal;font-weight:400;line-height:1.4\">\n<div class=\"wp-block-group alignfull has-text-color has-global-padding is-layout-constrained wp-container-core-group-is-layout-9f6dfefa wp-block-group-is-layout-constrained\" style=\"color:#252525;margin-top:0px;padding-top:0rem;padding-right:1rem;padding-bottom:0rem;padding-left:1rem;font-size:clamp(0.875rem, 0.875rem + ((1vw - 0.2rem) * 0.464), 1.13rem);font-style:normal;font-weight:400;line-height:1.4\">\n<div class=\"wp-block-group alignwide has-global-padding is-layout-constrained wp-block-group-is-layout-constrained\">\n<div class=\"wp-block-group has-global-padding is-layout-constrained wp-block-group-is-layout-constrained\">\n<h2 class=\"wp-block-heading has-text-align-center has-text-color\" style=\"color:#07277c;margin-bottom:0.51rem;font-size:clamp(1.307rem, 1.307rem + ((1vw - 0.2rem) * 1.46), 2.11rem);font-style:normal;font-weight:500;line-height:1.2\">Formulaire de contact<\/h2>\n\n\n\n<p class=\"has-text-align-center has-text-color\" style=\"color:#575763;margin-top:0rem;font-size:clamp(0.875rem, 0.875rem + ((1vw - 0.2rem) * 0.064), 0.91rem);font-style:normal;font-weight:400;line-height:1.5\">J&rsquo;ai \u00e0 c\u0153ur de vous accompagner avec mes comp\u00e9tences vers une \u00e9coute profonde et un doux accueil de vous -m\u00eame.<\/p>\n\n\n<style id=\"wpforms-css-vars-307-block-15e41f3c-1455-4730-a4dc-f0255477cab8\">\n\t\t\t\t#wpforms-307.wpforms-block-15e41f3c-1455-4730-a4dc-f0255477cab8 {\n\t\t\t\t--wpforms-field-border-radius: 2.5rem;\n--wpforms-field-background-color: #eff9ff;\n--wpforms-field-border-color: #041e5424;\n--wpforms-field-border-color-spare: #041e5424;\n--wpforms-field-text-color: #041d55;\n--wpforms-button-border-radius: 2.5rem;\n--wpforms-button-background-color: #07277c;\n--wpforms-field-size-input-height: 50px;\n--wpforms-field-size-input-spacing: 20px;\n--wpforms-field-size-font-size: 18px;\n--wpforms-field-size-line-height: 21px;\n--wpforms-field-size-padding-h: 14px;\n--wpforms-field-size-checkbox-size: 18px;\n--wpforms-field-size-sublabel-spacing: 10px;\n--wpforms-field-size-icon-size: 1.25;\n--wpforms-label-size-font-size: 16px;\n--wpforms-label-size-line-height: 19px;\n--wpforms-label-size-sublabel-font-size: 14px;\n--wpforms-label-size-sublabel-line-height: 17px;\n--wpforms-button-size-font-size: 20px;\n--wpforms-button-size-height: 48px;\n--wpforms-button-size-padding-h: 20px;\n--wpforms-button-size-margin-top: 15px;\n\t\t\t}\n\t\t\t<\/style><div class=\"wpforms-container wpforms-container-full wpforms-block wpforms-block-15e41f3c-1455-4730-a4dc-f0255477cab8 wpforms-render-modern\" id=\"wpforms-307\"><form id=\"wpforms-form-307\" class=\"wpforms-validate wpforms-form wpforms-ajax-form\" data-formid=\"307\" method=\"post\" enctype=\"multipart\/form-data\" action=\"\/index.php\/wp-json\/wp\/v2\/pages\/115\" data-token=\"54d896e2703b1e8baefaa2a6e894f16c\" data-token-time=\"1775267631\"><noscript class=\"wpforms-error-noscript\">Veuillez activer JavaScript dans votre navigateur pour remplir ce formulaire.<\/noscript><div id=\"wpforms-error-noscript\" style=\"display: none;\">Veuillez activer JavaScript dans votre navigateur pour remplir ce formulaire.<\/div><div class=\"wpforms-field-container\"><div id=\"wpforms-307-field_1-container\" class=\"wpforms-field wpforms-field-name\" data-field-id=\"1\"><fieldset><legend class=\"wpforms-field-label\">Nom <span class=\"wpforms-required-label\" aria-hidden=\"true\">*<\/span><\/legend><div class=\"wpforms-field-row wpforms-field-large\"><div class=\"wpforms-field-row-block wpforms-first wpforms-one-half\"><input type=\"text\" id=\"wpforms-307-field_1\" class=\"wpforms-field-name-first wpforms-field-required\" name=\"wpforms[fields][1][first]\" aria-errormessage=\"wpforms-307-field_1-error\" required><label for=\"wpforms-307-field_1\" class=\"wpforms-field-sublabel after\">Pr\u00e9nom<\/label><\/div><div class=\"wpforms-field-row-block wpforms-one-half\"><input type=\"text\" id=\"wpforms-307-field_1-last\" class=\"wpforms-field-name-last wpforms-field-required\" name=\"wpforms[fields][1][last]\" aria-errormessage=\"wpforms-307-field_1-last-error\" required><label for=\"wpforms-307-field_1-last\" class=\"wpforms-field-sublabel after\">Nom<\/label><\/div><\/div><\/fieldset><\/div><div id=\"wpforms-307-field_2-container\" class=\"wpforms-field wpforms-field-email\" data-field-id=\"2\"><label class=\"wpforms-field-label\" for=\"wpforms-307-field_2\">E-mail <span class=\"wpforms-required-label\" aria-hidden=\"true\">*<\/span><\/label><input type=\"email\" id=\"wpforms-307-field_2\" class=\"wpforms-field-large wpforms-field-required\" name=\"wpforms[fields][2]\" spellcheck=\"false\" aria-errormessage=\"wpforms-307-field_2-error\" required><\/div><div id=\"wpforms-307-field_4-container\" class=\"wpforms-field wpforms-field-radio\" data-field-id=\"4\"><fieldset><legend class=\"wpforms-field-label\">Vos besoins<\/legend><ul id=\"wpforms-307-field_4\"><li class=\"choice-1 depth-1\"><input type=\"radio\" id=\"wpforms-307-field_4_1\" name=\"wpforms[fields][4]\" value=\"Nettoyage de votre habitat\" aria-errormessage=\"wpforms-307-field_4_1-error\"  ><label class=\"wpforms-field-label-inline\" for=\"wpforms-307-field_4_1\">Nettoyage de votre habitat<\/label><\/li><li class=\"choice-5 depth-1\"><input type=\"radio\" id=\"wpforms-307-field_4_5\" name=\"wpforms[fields][4]\" value=\"Nettoyage + harmonisation de votre habitat\" aria-errormessage=\"wpforms-307-field_4_5-error\"  ><label class=\"wpforms-field-label-inline\" for=\"wpforms-307-field_4_5\">Nettoyage + harmonisation de votre habitat<\/label><\/li><li class=\"choice-4 depth-1\"><input type=\"radio\" id=\"wpforms-307-field_4_4\" name=\"wpforms[fields][4]\" value=\"Harmonisation compl\u00e8te de votre lieu de vie\" aria-errormessage=\"wpforms-307-field_4_4-error\"  ><label class=\"wpforms-field-label-inline\" for=\"wpforms-307-field_4_4\">Harmonisation compl\u00e8te de votre lieu de vie<\/label><\/li><li class=\"choice-2 depth-1\"><input type=\"radio\" id=\"wpforms-307-field_4_2\" name=\"wpforms[fields][4]\" value=\"Soin \u00e0 la rose\" aria-errormessage=\"wpforms-307-field_4_2-error\"  ><label class=\"wpforms-field-label-inline\" for=\"wpforms-307-field_4_2\">Soin \u00e0 la rose<\/label><\/li><li class=\"choice-3 depth-1\"><input type=\"radio\" id=\"wpforms-307-field_4_3\" name=\"wpforms[fields][4]\" value=\"Coaching individuel en \u00e9coute relationnelle\" aria-errormessage=\"wpforms-307-field_4_3-error\"  ><label class=\"wpforms-field-label-inline\" for=\"wpforms-307-field_4_3\">Coaching individuel en \u00e9coute relationnelle<\/label><\/li><li class=\"choice-6 depth-1\"><input type=\"radio\" id=\"wpforms-307-field_4_6\" name=\"wpforms[fields][4]\" value=\"Ateliers \u00e0 l&#039;\u00e9coute de son int\u00e9rieur\" aria-errormessage=\"wpforms-307-field_4_6-error\"  ><label class=\"wpforms-field-label-inline\" for=\"wpforms-307-field_4_6\">Ateliers \u00e0 l&rsquo;\u00e9coute de son int\u00e9rieur<\/label><\/li><\/ul><\/fieldset><\/div>\t\t<div id=\"wpforms-307-field_5-container\"\n\t\t\tclass=\"wpforms-field wpforms-field-text\"\n\t\t\tdata-field-type=\"text\"\n\t\t\tdata-field-id=\"5\"\n\t\t\t>\n\t\t\t<label class=\"wpforms-field-label\" for=\"wpforms-307-field_5\" >Vos Commentaire E-mail<\/label>\n\t\t\t<input type=\"text\" id=\"wpforms-307-field_5\" class=\"wpforms-field-medium\" name=\"wpforms[fields][5]\" >\n\t\t<\/div>\n\t\t<div id=\"wpforms-307-field_3-container\" class=\"wpforms-field wpforms-field-textarea\" data-field-id=\"3\"><label class=\"wpforms-field-label\" for=\"wpforms-307-field_3\">Commentaire ou message<\/label><textarea id=\"wpforms-307-field_3\" class=\"wpforms-field-medium\" name=\"wpforms[fields][3]\" aria-errormessage=\"wpforms-307-field_3-error\" ><\/textarea><\/div><script>\n\t\t\t\t( function() {\n\t\t\t\t\tconst style = document.createElement( 'style' );\n\t\t\t\t\tstyle.appendChild( document.createTextNode( '#wpforms-307-field_5-container { position: absolute !important; overflow: hidden !important; display: inline !important; height: 1px !important; width: 1px !important; z-index: -1000 !important; padding: 0 !important; } #wpforms-307-field_5-container input { visibility: hidden; } #wpforms-conversational-form-page #wpforms-307-field_5-container label { counter-increment: none; }' ) );\n\t\t\t\t\tdocument.head.appendChild( style );\n\t\t\t\t\tdocument.currentScript?.remove();\n\t\t\t\t} )();\n\t\t\t<\/script><\/div><!-- .wpforms-field-container --><div class=\"wpforms-submit-container\" ><input type=\"hidden\" name=\"wpforms[id]\" value=\"307\"><input type=\"hidden\" name=\"page_title\" value=\"\"><input type=\"hidden\" name=\"page_url\" value=\"https:\/\/segolenejuliepatel.com\/index.php\/wp-json\/wp\/v2\/pages\/115\"><input type=\"hidden\" name=\"url_referer\" value=\"\"><button type=\"submit\" name=\"wpforms[submit]\" id=\"wpforms-submit-307\" class=\"wpforms-submit\" data-alt-text=\"Envoi...\" data-submit-text=\"Envoyer\" aria-live=\"assertive\" value=\"wpforms-submit\">Envoyer<\/button><img loading=\"lazy\" decoding=\"async\" src=\"https:\/\/segolenejuliepatel.com\/wp-content\/plugins\/wpforms-lite\/assets\/images\/submit-spin.svg\" class=\"wpforms-submit-spinner\" style=\"display: none;\" width=\"26\" height=\"26\" alt=\"Chargement en cours\"><\/div><\/form><\/div>  <!-- .wpforms-container --><\/div>\n<\/div>\n<\/div>\n<\/section>\n\n\n\n<section class=\"wp-block-cover alignfull is-light has-custom-content-position is-position-top-center\" style=\"margin-top:0px;padding-top:0rem;padding-bottom:0px;min-height:710px;aspect-ratio:unset;\"><span aria-hidden=\"true\" class=\"wp-block-cover__background has-background-dim-0 has-background-dim\" style=\"background-color:#e1c1c3\"><\/span><img loading=\"lazy\" decoding=\"async\" width=\"2560\" height=\"1707\" class=\"wp-block-cover__image-background wp-image-200\" alt=\"\" src=\"https:\/\/segolenejuliepatel.com\/wp-content\/uploads\/2025\/02\/pexels-karolina-grabowska-4041285-1-scaled.jpg\" data-object-fit=\"cover\" srcset=\"https:\/\/segolenejuliepatel.com\/wp-content\/uploads\/2025\/02\/pexels-karolina-grabowska-4041285-1-scaled.jpg 2560w, https:\/\/segolenejuliepatel.com\/wp-content\/uploads\/2025\/02\/pexels-karolina-grabowska-4041285-1-300x200.jpg 300w, https:\/\/segolenejuliepatel.com\/wp-content\/uploads\/2025\/02\/pexels-karolina-grabowska-4041285-1-1024x683.jpg 1024w, https:\/\/segolenejuliepatel.com\/wp-content\/uploads\/2025\/02\/pexels-karolina-grabowska-4041285-1-768x512.jpg 768w, https:\/\/segolenejuliepatel.com\/wp-content\/uploads\/2025\/02\/pexels-karolina-grabowska-4041285-1-1536x1024.jpg 1536w, https:\/\/segolenejuliepatel.com\/wp-content\/uploads\/2025\/02\/pexels-karolina-grabowska-4041285-1-2048x1365.jpg 2048w\" sizes=\"auto, (max-width: 2560px) 100vw, 2560px\" \/><div class=\"wp-block-cover__inner-container has-global-padding is-layout-constrained wp-container-core-cover-is-layout-e165fa9a wp-block-cover-is-layout-constrained\">\n<div class=\"wp-block-group is-vertical is-content-justification-stretch is-layout-flex wp-container-core-group-is-layout-7e924153 wp-block-group-is-layout-flex\" style=\"margin-top:8%\">\n<h2 class=\"wp-block-heading has-text-align-center has-text-color\" style=\"color:#07277c;margin-bottom:1.11rem;font-size:clamp(1.255rem, 1.255rem + ((1vw - 0.2rem) * 1.373), 2.01rem);font-style:normal;font-weight:500;line-height:1.2\">Informations<\/h2>\n\n\n\n<div class=\"wp-block-group has-global-padding is-layout-constrained wp-container-core-group-is-layout-2218ac57 wp-block-group-is-layout-constrained\" style=\"padding-top:5%;padding-bottom:4.01rem\">\n<div class=\"wp-block-columns is-layout-flex wp-container-core-columns-is-layout-394952b5 wp-block-columns-is-layout-flex\">\n<div class=\"wp-block-column is-vertically-aligned-top has-global-padding is-layout-constrained wp-container-core-column-is-layout-d4f51017 wp-block-column-is-layout-constrained\" style=\"padding-left:1rem\">\n<div class=\"wp-block-columns is-not-stacked-on-mobile is-layout-flex wp-container-core-columns-is-layout-7e464bea wp-block-columns-is-layout-flex\">\n<div class=\"wp-block-column is-layout-flow wp-block-column-is-layout-flow\" style=\"flex-basis:20%\">\n<figure class=\"wp-block-image size-large is-resized\"><img decoding=\"async\" src=\"https:\/\/tyler.com\/wp-content\/uploads\/2023\/11\/icon-location-pin.svg\" alt=\"\" class=\"wp-image-3042\" style=\"width:45px\"\/><\/figure>\n<\/div>\n\n\n\n<div class=\"wp-block-column is-layout-flow wp-block-column-is-layout-flow\" style=\"flex-basis:100%\">\n<h6 class=\"wp-block-heading has-text-align-left has-text-color\" style=\"color:#07277c;margin-bottom:0.51rem;font-size:clamp(0.875rem, 0.875rem + ((1vw - 0.2rem) * 0.645), 1.23rem);font-style:normal;font-weight:400;line-height:1.3;text-transform:capitalize\">Mon emplacement<\/h6>\n\n\n\n<p class=\"has-text-align-left has-text-color\" style=\"color:#03081e;margin-top:0px;margin-bottom:0.51rem;font-size:clamp(0.875em, 0.875rem + ((1vw - 0.2em) * 0.064), 0.91em);font-style:normal;font-weight:400;line-height:1.5\">Corr\u00e8ze<\/p>\n<\/div>\n\n\n\n<div class=\"wp-block-column has-global-padding is-content-justification-right is-layout-constrained wp-container-core-column-is-layout-f1f2ed93 wp-block-column-is-layout-constrained\" style=\"flex-basis:3px\">\n<figure class=\"wp-block-image size-full is-resized\"><img decoding=\"async\" src=\"https:\/\/tyler.com\/wp-content\/uploads\/2023\/11\/column-border90.jpg\" alt=\"\" class=\"wp-image-3044\" style=\"width:1px\"\/><\/figure>\n<\/div>\n<\/div>\n<\/div>\n\n\n\n<div class=\"wp-block-column is-vertically-aligned-top has-global-padding is-layout-constrained wp-container-core-column-is-layout-d4f51017 wp-block-column-is-layout-constrained\" style=\"padding-left:1rem\">\n<div class=\"wp-block-columns is-not-stacked-on-mobile is-layout-flex wp-container-core-columns-is-layout-7e464bea wp-block-columns-is-layout-flex\">\n<div class=\"wp-block-column is-layout-flow wp-block-column-is-layout-flow\" style=\"flex-basis:20%\">\n<figure class=\"wp-block-image size-large is-resized\"><img decoding=\"async\" src=\"https:\/\/tyler.com\/wp-content\/uploads\/2023\/11\/icon-phone.svg\" alt=\"\" class=\"wp-image-3043\" style=\"width:45px\"\/><\/figure>\n<\/div>\n\n\n\n<div class=\"wp-block-column is-layout-flow wp-block-column-is-layout-flow\" style=\"flex-basis:100%\">\n<h6 class=\"wp-block-heading has-text-align-left has-text-color\" style=\"color:#07277c;margin-bottom:0.51rem;font-size:clamp(0.875rem, 0.875rem + ((1vw - 0.2rem) * 0.645), 1.23rem);font-style:normal;font-weight:400;line-height:1.3;text-transform:capitalize\">Contact<\/h6>\n\n\n\n<p class=\"has-text-align-left has-text-color has-link-color wp-elements-216bc4a6cc0b46887b8f8b8a93373794\" style=\"color:#03081e;margin-top:0px;margin-bottom:0.51rem;font-size:clamp(0.875em, 0.875rem + ((1vw - 0.2em) * 0.064), 0.91em);font-style:normal;font-weight:400;line-height:1.5;text-decoration:none\">06 70 36 53 88<\/p>\n\n\n\n<p class=\"has-text-align-left has-text-color has-link-color wp-elements-e80e2437db331335834f1e0b257aec08\" style=\"color:#03081e;margin-top:0px;font-size:clamp(0.875em, 0.875rem + ((1vw - 0.2em) * 0.064), 0.91em);font-style:normal;font-weight:400;line-height:1.5;text-decoration:none\">info@segolenejuliepatel.com<\/p>\n<\/div>\n\n\n\n<div class=\"wp-block-column has-global-padding is-content-justification-right is-layout-constrained wp-container-core-column-is-layout-f1f2ed93 wp-block-column-is-layout-constrained\" style=\"flex-basis:3px\">\n<figure class=\"wp-block-image size-full is-resized\"><img decoding=\"async\" src=\"https:\/\/tyler.com\/wp-content\/uploads\/2023\/11\/column-border90.jpg\" alt=\"\" class=\"wp-image-3044\" style=\"width:1px\"\/><\/figure>\n<\/div>\n<\/div>\n<\/div>\n\n\n\n<div class=\"wp-block-column is-vertically-aligned-top has-global-padding is-content-justification-center is-layout-constrained wp-container-core-column-is-layout-4fae4cd2 wp-block-column-is-layout-constrained\" style=\"padding-left:1rem\">\n<div class=\"wp-block-columns is-not-stacked-on-mobile is-layout-flex wp-container-core-columns-is-layout-7e464bea wp-block-columns-is-layout-flex\">\n<div class=\"wp-block-column is-layout-flow wp-block-column-is-layout-flow\" style=\"flex-basis:20%\">\n<figure class=\"wp-block-image size-large is-resized\"><img decoding=\"async\" src=\"https:\/\/tyler.com\/wp-content\/uploads\/2023\/11\/icon-clock.svg\" alt=\"\" class=\"wp-image-3041\" style=\"width:45px\"\/><\/figure>\n<\/div>\n\n\n\n<div class=\"wp-block-column is-layout-flow wp-block-column-is-layout-flow\" style=\"flex-basis:100%\">\n<h6 class=\"wp-block-heading has-text-align-left has-text-color\" style=\"color:#07277c;margin-bottom:0.51rem;font-size:clamp(0.875rem, 0.875rem + ((1vw - 0.2rem) * 0.645), 1.23rem);font-style:normal;font-weight:400;line-height:1.3;text-transform:capitalize\">Horaires<\/h6>\n\n\n\n<div class=\"wp-block-group is-layout-flex wp-container-core-group-is-layout-71e0c763 wp-block-group-is-layout-flex\" style=\"margin-top:0px;margin-bottom:0px;padding-top:0px;padding-right:0px;padding-bottom:0px;padding-left:0px\">\n<p class=\"has-text-align-left has-text-color\" style=\"color:#03081e;margin-top:0px;margin-right:5px;margin-bottom:0.51rem;margin-left:0px;font-size:clamp(0.875em, 0.875rem + ((1vw - 0.2em) * 0.064), 0.91em);font-style:normal;font-weight:400;line-height:1.5\">Lundi &#8211; vendredi : <\/p>\n\n\n\n<p class=\"has-text-align-left has-text-color wp-container-content-9cfa9a5a\" style=\"color:#03081e;margin-top:0px;margin-bottom:0.51rem;margin-left:0px;font-size:clamp(0.875em, 0.875rem + ((1vw - 0.2em) * 0.064), 0.91em);font-style:normal;font-weight:400;line-height:1.5\">09:00 &#8211; 18:30 <\/p>\n<\/div>\n\n\n\n<div class=\"wp-block-group is-layout-flex wp-container-core-group-is-layout-71e0c763 wp-block-group-is-layout-flex\" style=\"margin-top:0px;margin-bottom:0px;padding-top:0px;padding-right:0px;padding-bottom:0px;padding-left:0px\">\n<p class=\"has-text-align-left has-text-color\" style=\"color:#03081e;margin-top:0px;margin-right:5px;margin-bottom:0.51rem;margin-left:0px;font-size:clamp(0.875em, 0.875rem + ((1vw - 0.2em) * 0.064), 0.91em);font-style:normal;font-weight:400;line-height:1.5\"><\/p>\n<\/div>\n<\/div>\n<\/div>\n<\/div>\n<\/div>\n<\/div>\n<\/div>\n<\/div><\/section>\n","protected":false},"excerpt":{"rendered":"<p>Formulaire de contact J&rsquo;ai \u00e0 c\u0153ur de vous accompagner avec mes comp\u00e9tences vers une \u00e9coute profonde et un doux accueil de vous -m\u00eame.<\/p>\n","protected":false},"author":1,"featured_media":0,"parent":0,"menu_order":0,"comment_status":"closed","ping_status":"closed","template":"","meta":{"footnotes":""},"class_list":["post-115","page","type-page","status-publish","hentry"],"jetpack_sharing_enabled":true,"_links":{"self":[{"href":"https:\/\/segolenejuliepatel.com\/index.php\/wp-json\/wp\/v2\/pages\/115","targetHints":{"allow":["GET"]}}],"collection":[{"href":"https:\/\/segolenejuliepatel.com\/index.php\/wp-json\/wp\/v2\/pages"}],"about":[{"href":"https:\/\/segolenejuliepatel.com\/index.php\/wp-json\/wp\/v2\/types\/page"}],"author":[{"embeddable":true,"href":"https:\/\/segolenejuliepatel.com\/index.php\/wp-json\/wp\/v2\/users\/1"}],"replies":[{"embeddable":true,"href":"https:\/\/segolenejuliepatel.com\/index.php\/wp-json\/wp\/v2\/comments?post=115"}],"version-history":[{"count":9,"href":"https:\/\/segolenejuliepatel.com\/index.php\/wp-json\/wp\/v2\/pages\/115\/revisions"}],"predecessor-version":[{"id":448,"href":"https:\/\/segolenejuliepatel.com\/index.php\/wp-json\/wp\/v2\/pages\/115\/revisions\/448"}],"wp:attachment":[{"href":"https:\/\/segolenejuliepatel.com\/index.php\/wp-json\/wp\/v2\/media?parent=115"}],"curies":[{"name":"wp","href":"https:\/\/api.w.org\/{rel}","templated":true}]}}